{"id":165,"date":"2014-08-01T23:27:41","date_gmt":"2014-08-01T21:27:41","guid":{"rendered":"http:\/\/www.stephanie-hoesel.de\/Wordpress\/?page_id=165"},"modified":"2026-01-22T11:12:27","modified_gmt":"2026-01-22T09:12:27","slug":"impressum","status":"publish","type":"page","link":"https:\/\/www.tv-frisch-auf-meissen.de\/wp\/impressum\/","title":{"rendered":"IMPRESSUM"},"content":{"rendered":"\t\t<div data-elementor-type=\"wp-post\" data-elementor-id=\"165\" class=\"elementor elementor-165\">\n\t\t\t\t\t\t<section class=\"elementor-section elementor-top-section elementor-element elementor-element-4b70ade7 elementor-section-boxed elementor-section-height-default elementor-section-height-default\" data-id=\"4b70ade7\" data-element_type=\"section\" data-e-type=\"section\" data-settings=\"{&quot;background_background&quot;:&quot;classic&quot;}\">\n\t\t\t\t\t\t<div class=\"elementor-container elementor-column-gap-wider\">\n\t\t\t\t\t<div class=\"elementor-column elementor-col-100 elementor-top-column elementor-element elementor-element-47e4a6d4\" data-id=\"47e4a6d4\" data-element_type=\"column\" data-e-type=\"column\">\n\t\t\t<div class=\"elementor-widget-wrap elementor-element-populated\">\n\t\t\t\t\t\t<div class=\"elementor-element elementor-element-b4ee025 elementor-widget elementor-widget-text-editor\" data-id=\"b4ee025\" data-element_type=\"widget\" data-e-type=\"widget\" data-widget_type=\"text-editor.default\">\n\t\t\t\t<div class=\"elementor-widget-container\">\n\t\t\t\t\t\t\t\t\t<p>TV \u201eFrisch Auf\u201c Mei\u00dfen e.V.<br \/>Zaschendorfer Stra\u00dfe 70, 01662 Mei\u00dfen<br \/>E-Mail: info@tv-frisch-auf-meissen.de<br \/>Tel.: 0152 36351435<\/p><p>Steuernummer 209\/143\/06656<\/p><p><b>1. Nutzungsbedingungen<\/b><br \/>Alle Links wurden vor ihrer Installation auf ihre rechtm\u00e4\u00dfigen Inhalte \u00fcberpr\u00fcft. Sollten sich inhaltliche \u00c4nderungen ergeben, insbesondere solche, die gegen geltendes deutsches Recht versto\u00dfen, bitten wir Sie, uns diese umgehend zu benennen, um diese Links unverz\u00fcglich entfernen zu k\u00f6nnen. Der Turnverein \u201eFrisch Auf\u201c Mei\u00dfen e.V. \u00fcbernimmt keine Verantwortung oder Haftung f\u00fcr Informationen durch Links auf andere Webseiten. Der Inhalt der Webseite ist urheberrechtlich gesch\u00fctzt. Der Turnverein \u201eFrisch Auf\u201c Mei\u00dfen e.V. verwendet selbst erstellte Texte, Bilder und Grafiken oder die im Rahmen zugearbeiteter lizenzfreier Materialien, Texte, Fotos, Resultate, Designs, Dateien &#8230;<br \/>Alle vom Turnverein \u201eFrisch Auf\u201c Mei\u00dfen e.V. erstellten Berichte, Reportagen, Bild- und Textmaterialien unterliegen dem (c) Copyright. Die Verwendung, auch in ver\u00e4nderter Form, dieser Werke im Ganzen oder in Teilen oder das Anzeigen dieser Webseite als Ganzes oder in Teilen innerhalb externer Internet- oder Frame-Strukturen (sog. Inline-Linking) bed\u00fcrfen nur der privaten Nutzung oder mit der schriftlichen Genehmigung des Vereins. Mit der Nutzung der Webseite erkl\u00e4ren Nutzer Ihre Zustimmung zu diesen Nutzungsbedingungen.<\/p><p><b>2. Nutzung personenbezogener Daten<\/b><br \/>Soweit Sie uns personenbezogene Daten zur Verf\u00fcgung gestellt haben, verwenden wir diese nur zur Beantwortung Ihrer Anfragen, zur Abwicklung mit Ihnen geschlossener Vertr\u00e4ge und f\u00fcr die technische Administration.Bei der Kommunikation per E Mail kann die vollst\u00e4ndige Datensicherheit von uns nicht gew\u00e4hrleistet werden, so dass wir Ihnen bei vertraulichen Informationen den Postweg empfehlen.<\/p><p><b>3. Haftung f\u00fcr Links<\/b><br \/>Unser Angebot kann Links zu externen Webseiten Dritter enthalten, auf deren Inhalte wir keinen Einfluss haben. Deshalb k\u00f6nnen wir f\u00fcr diese fremden Inhalte auch keine Gew\u00e4hr \u00fcbernehmen. F\u00fcr die Inhalte der verlinkten Seiten ist stets der jeweilige Anbieter oder Betreiber der Seiten verantwortlich. Die verlinkten Seiten wurden zum Zeitpunkt der Verlinkung auf m\u00f6gliche Rechtsverst\u00f6\u00dfe \u00fcberpr\u00fcft. Rechtswidrige Inhalte waren zum Zeitpunkt der Verlinkung nicht erkennbar. Eine permanente inhaltliche Kontrolle der verlinkten Seiten ist jedoch ohne konkrete Anhaltspunkte einer Rechtsverletzung nicht zumutbar. Bei Bekanntwerden von Rechtsverletzungen werden wir derartige Links umgehend entfernen.<\/p>\t\t\t\t\t\t\t\t<\/div>\n\t\t\t\t<\/div>\n\t\t\t\t\t<\/div>\n\t\t<\/div>\n\t\t\t\t\t<\/div>\n\t\t<\/section>\n\t\t\t\t<\/div>\n\t\t","protected":false},"excerpt":{"rendered":"<p>TV \u201eFrisch Auf\u201c Mei\u00dfen e.V.Zaschendorfer Stra\u00dfe 70, 01662 Mei\u00dfenE-Mail: info@tv-frisch-auf-meissen.deTel.: 0152 36351435 Steuernummer 209\/143\/06656 1. NutzungsbedingungenAlle Links wurden vor ihrer Installation auf ihre rechtm\u00e4\u00dfigen Inhalte \u00fcberpr\u00fcft. Sollten sich inhaltliche \u00c4nderungen ergeben, insbesondere solche, die gegen geltendes deutsches Recht versto\u00dfen, bitten wir Sie, uns diese umgehend zu benennen, um diese Links unverz\u00fcglich entfernen zu k\u00f6nnen. Der [&hellip;]<\/p>\n","protected":false},"author":1,"featured_media":0,"parent":0,"menu_order":0,"comment_status":"closed","ping_status":"closed","template":"","meta":{"ocean_post_layout":"","ocean_both_sidebars_style":"","ocean_both_sidebars_content_width":0,"ocean_both_sidebars_sidebars_width":0,"ocean_sidebar":"","ocean_second_sidebar":"","ocean_disable_margins":"enable","ocean_add_body_class":"","ocean_shortcode_before_top_bar":"","ocean_shortcode_after_top_bar":"","ocean_shortcode_before_header":"","ocean_shortcode_after_header":"","ocean_has_shortcode":"","ocean_shortcode_after_title":"","ocean_shortcode_before_footer_widgets":"","ocean_shortcode_after_footer_widgets":"","ocean_shortcode_before_footer_bottom":"","ocean_shortcode_after_footer_bottom":"","ocean_display_top_bar":"default","ocean_display_header":"default","ocean_header_style":"","ocean_center_header_left_menu":"","ocean_custom_header_template":"","ocean_custom_logo":0,"ocean_custom_retina_logo":0,"ocean_custom_logo_max_width":0,"ocean_custom_logo_tablet_max_width":0,"ocean_custom_logo_mobile_max_width":0,"ocean_custom_logo_max_height":0,"ocean_custom_logo_tablet_max_height":0,"ocean_custom_logo_mobile_max_height":0,"ocean_header_custom_menu":"","ocean_menu_typo_font_family":"","ocean_menu_typo_font_subset":"","ocean_menu_typo_font_size":0,"ocean_menu_typo_font_size_tablet":0,"ocean_menu_typo_font_size_mobile":0,"ocean_menu_typo_font_size_unit":"px","ocean_menu_typo_font_weight":"","ocean_menu_typo_font_weight_tablet":"","ocean_menu_typo_font_weight_mobile":"","ocean_menu_typo_transform":"","ocean_menu_typo_transform_tablet":"","ocean_menu_typo_transform_mobile":"","ocean_menu_typo_line_height":0,"ocean_menu_typo_line_height_tablet":0,"ocean_menu_typo_line_height_mobile":0,"ocean_menu_typo_line_height_unit":"","ocean_menu_typo_spacing":0,"ocean_menu_typo_spacing_tablet":0,"ocean_menu_typo_spacing_mobile":0,"ocean_menu_typo_spacing_unit":"","ocean_menu_link_color":"","ocean_menu_link_color_hover":"","ocean_menu_link_color_active":"","ocean_menu_link_background":"","ocean_menu_link_hover_background":"","ocean_menu_link_active_background":"","ocean_menu_social_links_bg":"","ocean_menu_social_hover_links_bg":"","ocean_menu_social_links_color":"","ocean_menu_social_hover_links_color":"","ocean_disable_title":"default","ocean_disable_heading":"default","ocean_post_title":"","ocean_post_subheading":"","ocean_post_title_style":"","ocean_post_title_background_color":"","ocean_post_title_background":0,"ocean_post_title_bg_image_position":"","ocean_post_title_bg_image_attachment":"","ocean_post_title_bg_image_repeat":"","ocean_post_title_bg_image_size":"","ocean_post_title_height":0,"ocean_post_title_bg_overlay":0.5,"ocean_post_title_bg_overlay_color":"","ocean_disable_breadcrumbs":"default","ocean_breadcrumbs_color":"","ocean_breadcrumbs_separator_color":"","ocean_breadcrumbs_links_color":"","ocean_breadcrumbs_links_hover_color":"","ocean_display_footer_widgets":"default","ocean_display_footer_bottom":"default","ocean_custom_footer_template":"","footnotes":""},"class_list":["post-165","page","type-page","status-publish","hentry","entry"],"_links":{"self":[{"href":"https:\/\/www.tv-frisch-auf-meissen.de\/wp\/wp-json\/wp\/v2\/pages\/165","targetHints":{"allow":["GET"]}}],"collection":[{"href":"https:\/\/www.tv-frisch-auf-meissen.de\/wp\/wp-json\/wp\/v2\/pages"}],"about":[{"href":"https:\/\/www.tv-frisch-auf-meissen.de\/wp\/wp-json\/wp\/v2\/types\/page"}],"author":[{"embeddable":true,"href":"https:\/\/www.tv-frisch-auf-meissen.de\/wp\/wp-json\/wp\/v2\/users\/1"}],"replies":[{"embeddable":true,"href":"https:\/\/www.tv-frisch-auf-meissen.de\/wp\/wp-json\/wp\/v2\/comments?post=165"}],"version-history":[{"count":13,"href":"https:\/\/www.tv-frisch-auf-meissen.de\/wp\/wp-json\/wp\/v2\/pages\/165\/revisions"}],"predecessor-version":[{"id":2892,"href":"https:\/\/www.tv-frisch-auf-meissen.de\/wp\/wp-json\/wp\/v2\/pages\/165\/revisions\/2892"}],"wp:attachment":[{"href":"https:\/\/www.tv-frisch-auf-meissen.de\/wp\/wp-json\/wp\/v2\/media?parent=165"}],"curies":[{"name":"wp","href":"https:\/\/api.w.org\/{rel}","templated":true}]}}